{"id":910,"date":"2024-05-07T07:00:25","date_gmt":"2024-05-07T07:00:25","guid":{"rendered":"https:\/\/mbproyectos.es\/?page_id=910"},"modified":"2024-05-07T07:05:30","modified_gmt":"2024-05-07T07:05:30","slug":"accesibilidad","status":"publish","type":"page","link":"https:\/\/mbproyectos.es\/?page_id=910","title":{"rendered":"Accesibilidad"},"content":{"rendered":"\t\t<div data-elementor-type=\"wp-page\" data-elementor-id=\"910\" class=\"elementor elementor-910\" data-elementor-post-type=\"page\">\n\t\t\t\t<div class=\"elementor-element elementor-element-c0ebd23 e-flex e-con-boxed e-con e-parent\" data-id=\"c0ebd23\" data-element_type=\"container\">\n\t\t\t\t\t<div class=\"e-con-inner\">\n\t\t\t\t<div class=\"elementor-element elementor-element-7230a46 elementor-widget elementor-widget-text-editor\" data-id=\"7230a46\" data-element_type=\"widget\" data-widget_type=\"text-editor.default\">\n\t\t\t\t<div class=\"elementor-widget-container\">\n\t\t\t<style>\/*! elementor - v3.21.0 - 18-04-2024 *\/\n.elementor-widget-text-editor.elementor-drop-cap-view-stacked .elementor-drop-cap{background-color:#69727d;color:#fff}.elementor-widget-text-editor.elementor-drop-cap-view-framed .elementor-drop-cap{color:#69727d;border:3px solid;background-color:transparent}.elementor-widget-text-editor:not(.elementor-drop-cap-view-default) .elementor-drop-cap{margin-top:8px}.elementor-widget-text-editor:not(.elementor-drop-cap-view-default) .elementor-drop-cap-letter{width:1em;height:1em}.elementor-widget-text-editor .elementor-drop-cap{float:left;text-align:center;line-height:1;font-size:50px}.elementor-widget-text-editor .elementor-drop-cap-letter{display:inline-block}<\/style>\t\t\t\t<h1>Declaraci\u00f3n de accesibilidad<\/h1>\nEsta web se ha comprometido a hacer accesible contenido de conformidad con el criterio de accesibilidad del Programa Kit Digital, conforme a los anexos de la norma UNE-EN 301 549:2022.\n\nEn la construcci\u00f3n de la p\u00e1gina web de Francisco Javier Molina Gonz\u00e1lez se ha adoptado la gu\u00eda informativa proporcionada por las pautas WCAG 2.1 AA. En este esfuerzo continuo en la eliminaci\u00f3n de barreras y seguir\u00e1n mejorando este sitio hasta alcanzar una accesibilidad y usabilidad \u00f3ptimas para todos los usuarios.\n\nAs\u00ed, en la confecci\u00f3n del portal se han tenido en cuenta los siguientes aspectos:\n<ul>\n \t<li>Uso de CSS para la presentaci\u00f3n de la informaci\u00f3n.<\/li>\n \t<li>Etiquetas de marcaje.<\/li>\n \t<li>Sistemas de navegaci\u00f3n usables, intuitivos y alternativos.<\/li>\n \t<li>Descripciones alternativas en las im\u00e1genes.<\/li>\n \t<li>Verificaciones en la visualizaci\u00f3n con diferentes navegadores y dispositivos.<\/li>\n \t<li>Utilizaci\u00f3n de formatos universales y alternativos.<\/li>\n \t<li>Los enlaces ofrecen detalles de la funci\u00f3n o destino del hiperv\u00ednculo.<\/li>\n \t<li>Uso de los est\u00e1ndares del W3C.<\/li>\n \t<li>Acceso mediante atajos teclado a las principales opciones.<\/li>\n<\/ul>\n<h2><\/h2>\n<h2>Atajos de teclado<\/h2>\nEn esta Web puede hacer saltos ordenados en el contenido con la tecla Tab.\n<h2><\/h2>\n<h2>Barra de herramientas de accesibilidad<\/h2>\n<ul>\n \t<li>Tama\u00f1o de fuentes<\/li>\n \t<li>Espacio entre fuentes e interlineado<\/li>\n \t<li>Contraste y saturaci\u00f3n<\/li>\n \t<li>Alineaci\u00f3n de texto<\/li>\n \t<li>Subrayar enlaces<\/li>\n \t<li>Fuente legible y dislexia amigable<\/li>\n \t<li>Tama\u00f1o de cursor, m\u00e1scara y gu\u00eda de lectura<\/li>\n \t<li>Detener animaciones<\/li>\n \t<li>Enlace a \u00abMapa del sitio\u00bb<\/li>\n<\/ul>\n<h2><\/h2>\n<h2>Tama\u00f1o del texto<\/h2>\nEl dise\u00f1o accesible permite que el usuario pueda ajustar las fuentes al tama\u00f1o que le convenga. Esta acci\u00f3n puede llevarse a cabo de diferentes maneras seg\u00fan el navegador web que se utilice. A continuaci\u00f3n se indica la acci\u00f3n de men\u00fa donde se encuentra esta funcionalidad en los navegadores m\u00e1s frecuentes:\n<ul>\n \t<li style=\"list-style-type: none;\">\n<ul>\n \t<li>Mozilla Firefox: Ver &gt; Tama\u00f1o de texto &gt; Incrementar Internet<\/li>\n \t<li>Internet Explorer: Ver &gt; Tama\u00f1o de texto &gt; M\u00e1s grande<\/li>\n \t<li>Opera: View &gt; Zoom &gt; %<\/li>\n \t<li>Safari: View &gt; Make text bigger<\/li>\n \t<li>Google Chrome: Herramientas &gt; Zoom<\/li>\n \t<li>Para modificar el tama\u00f1o de todo en la pagina:\n<ul>\n \t<li>Ctrl + + para aumentarlo<\/li>\n \t<li>Ctrl + &#8211; para disminuirlo<\/li>\n \t<li>Ctrl + 0 restaura el tama\u00f1o original del texto<\/li>\n<\/ul>\n<\/li>\n<\/ul>\n<\/li>\n<\/ul>\n<h2><\/h2>\n<h2>Configuraci\u00f3n t\u00e9cnica<\/h2>\nLas p\u00e1ginas web est\u00e1n creadas con el CMS WordPress 6.4\n<h2><\/h2>\n<h2>Informaci\u00f3n \u00fatil sobre la accesibilidad<\/h2>\nSeguidamente se exponen una serie de enlaces organizados en diferentes categor\u00edas \u00fatiles para obtener m\u00e1s informaci\u00f3n sobre la accesibilidad.\n<p style=\"padding-left: 40px;\"><a title=\"\" role=\"link\" href=\"http:\/\/www.w3c.org\/\" target=\"_blank\" rel=\"noopener\">http:\/\/www.w3c.org\/<\/a>\nConsorcio World Wide Web, grupo de trabajo de \u00e1mbito internacional que dicta l\u00edneas generales relacionadas con la web.<\/p>\n<p style=\"padding-left: 40px;\"><a title=\"\" role=\"link\" href=\"http:\/\/www.w3c.org\/wai\/\" target=\"_blank\" rel=\"noopener\">http:\/\/www.w3c.org\/wai\/<\/a>\nIniciativa de Accesibilidad Web del W3C.<\/p>\n\n<h2><\/h2>\n<h2>Observaciones y datos de contacto<\/h2>\nSi encuentra barreras de acceso o problemas con alguna p\u00e1gina o funci\u00f3n de este sitio web que pueda suponer un obst\u00e1culo para los visitantes que quieran acceder a \u00e9l, puede ponerse en contacto en cualquier momento en la direcci\u00f3n de correo electr\u00f3nico del aviso legal.\t\t\t\t\t\t<\/div>\n\t\t\t\t<\/div>\n\t\t\t\t\t<\/div>\n\t\t\t\t<\/div>\n\t\t\t\t<\/div>\n\t\t","protected":false},"excerpt":{"rendered":"<p>Declaraci\u00f3n de accesibilidad Esta web se ha comprometido a hacer accesible contenido de conformidad con el criterio de accesibilidad del Programa Kit Digital, conforme a los anexos de la norma UNE-EN 301 549:2022. En la construcci\u00f3n de la p\u00e1gina web de Francisco Javier Molina Gonz\u00e1lez se ha adoptado la gu\u00eda informativa proporcionada por las pautas [&hellip;]<\/p>\n","protected":false},"author":1,"featured_media":0,"parent":0,"menu_order":0,"comment_status":"closed","ping_status":"closed","template":"","meta":{"_joinchat":[],"footnotes":""},"class_list":["post-910","page","type-page","status-publish","hentry"],"yoast_head":"<!-- This site is optimized with the Yoast SEO plugin v22.5 - https:\/\/yoast.com\/wordpress\/plugins\/seo\/ -->\n<title>Accesibilidad - MB Proyectos<\/title>\n<meta name=\"robots\" content=\"index, follow, max-snippet:-1, max-image-preview:large, max-video-preview:-1\" \/>\n<link rel=\"canonical\" href=\"https:\/\/mbproyectos.es\/?page_id=910\" \/>\n<meta property=\"og:locale\" content=\"es_ES\" \/>\n<meta property=\"og:type\" content=\"article\" \/>\n<meta property=\"og:title\" content=\"Accesibilidad - MB Proyectos\" \/>\n<meta property=\"og:description\" content=\"Declaraci\u00f3n de accesibilidad Esta web se ha comprometido a hacer accesible contenido de conformidad con el criterio de accesibilidad del Programa Kit Digital, conforme a los anexos de la norma UNE-EN 301 549:2022. En la construcci\u00f3n de la p\u00e1gina web de Francisco Javier Molina Gonz\u00e1lez se ha adoptado la gu\u00eda informativa proporcionada por las pautas [&hellip;]\" \/>\n<meta property=\"og:url\" content=\"https:\/\/mbproyectos.es\/?page_id=910\" \/>\n<meta property=\"og:site_name\" content=\"MB Proyectos\" \/>\n<meta property=\"article:modified_time\" content=\"2024-05-07T07:05:30+00:00\" \/>\n<meta name=\"twitter:card\" content=\"summary_large_image\" \/>\n<meta name=\"twitter:label1\" content=\"Tiempo de lectura\" \/>\n\t<meta name=\"twitter:data1\" content=\"2 minutos\" \/>\n<script type=\"application\/ld+json\" class=\"yoast-schema-graph\">{\"@context\":\"https:\/\/schema.org\",\"@graph\":[{\"@type\":\"WebPage\",\"@id\":\"https:\/\/mbproyectos.es\/?page_id=910\",\"url\":\"https:\/\/mbproyectos.es\/?page_id=910\",\"name\":\"Accesibilidad - MB Proyectos\",\"isPartOf\":{\"@id\":\"https:\/\/mbproyectos.es\/#website\"},\"datePublished\":\"2024-05-07T07:00:25+00:00\",\"dateModified\":\"2024-05-07T07:05:30+00:00\",\"breadcrumb\":{\"@id\":\"https:\/\/mbproyectos.es\/?page_id=910#breadcrumb\"},\"inLanguage\":\"es\",\"potentialAction\":[{\"@type\":\"ReadAction\",\"target\":[\"https:\/\/mbproyectos.es\/?page_id=910\"]}]},{\"@type\":\"BreadcrumbList\",\"@id\":\"https:\/\/mbproyectos.es\/?page_id=910#breadcrumb\",\"itemListElement\":[{\"@type\":\"ListItem\",\"position\":1,\"name\":\"Portada\",\"item\":\"https:\/\/mbproyectos.es\/\"},{\"@type\":\"ListItem\",\"position\":2,\"name\":\"Accesibilidad\"}]},{\"@type\":\"WebSite\",\"@id\":\"https:\/\/mbproyectos.es\/#website\",\"url\":\"https:\/\/mbproyectos.es\/\",\"name\":\"MB Proyectos\",\"description\":\"Homologaciones de veh\u00edculos\",\"publisher\":{\"@id\":\"https:\/\/mbproyectos.es\/#organization\"},\"potentialAction\":[{\"@type\":\"SearchAction\",\"target\":{\"@type\":\"EntryPoint\",\"urlTemplate\":\"https:\/\/mbproyectos.es\/?s={search_term_string}\"},\"query-input\":\"required name=search_term_string\"}],\"inLanguage\":\"es\"},{\"@type\":\"Organization\",\"@id\":\"https:\/\/mbproyectos.es\/#organization\",\"name\":\"MB Proyectos\",\"url\":\"https:\/\/mbproyectos.es\/\",\"logo\":{\"@type\":\"ImageObject\",\"inLanguage\":\"es\",\"@id\":\"https:\/\/mbproyectos.es\/#\/schema\/logo\/image\/\",\"url\":\"https:\/\/mbproyectos.es\/wp-content\/uploads\/2024\/04\/logo-blanco-MB-Proyectos-e1713955666585.png\",\"contentUrl\":\"https:\/\/mbproyectos.es\/wp-content\/uploads\/2024\/04\/logo-blanco-MB-Proyectos-e1713955666585.png\",\"width\":1624,\"height\":1483,\"caption\":\"MB Proyectos\"},\"image\":{\"@id\":\"https:\/\/mbproyectos.es\/#\/schema\/logo\/image\/\"}}]}<\/script>\n<!-- \/ Yoast SEO plugin. -->","yoast_head_json":{"title":"Accesibilidad - MB Proyectos","robots":{"index":"index","follow":"follow","max-snippet":"max-snippet:-1","max-image-preview":"max-image-preview:large","max-video-preview":"max-video-preview:-1"},"canonical":"https:\/\/mbproyectos.es\/?page_id=910","og_locale":"es_ES","og_type":"article","og_title":"Accesibilidad - MB Proyectos","og_description":"Declaraci\u00f3n de accesibilidad Esta web se ha comprometido a hacer accesible contenido de conformidad con el criterio de accesibilidad del Programa Kit Digital, conforme a los anexos de la norma UNE-EN 301 549:2022. En la construcci\u00f3n de la p\u00e1gina web de Francisco Javier Molina Gonz\u00e1lez se ha adoptado la gu\u00eda informativa proporcionada por las pautas [&hellip;]","og_url":"https:\/\/mbproyectos.es\/?page_id=910","og_site_name":"MB Proyectos","article_modified_time":"2024-05-07T07:05:30+00:00","twitter_card":"summary_large_image","twitter_misc":{"Tiempo de lectura":"2 minutos"},"schema":{"@context":"https:\/\/schema.org","@graph":[{"@type":"WebPage","@id":"https:\/\/mbproyectos.es\/?page_id=910","url":"https:\/\/mbproyectos.es\/?page_id=910","name":"Accesibilidad - MB Proyectos","isPartOf":{"@id":"https:\/\/mbproyectos.es\/#website"},"datePublished":"2024-05-07T07:00:25+00:00","dateModified":"2024-05-07T07:05:30+00:00","breadcrumb":{"@id":"https:\/\/mbproyectos.es\/?page_id=910#breadcrumb"},"inLanguage":"es","potentialAction":[{"@type":"ReadAction","target":["https:\/\/mbproyectos.es\/?page_id=910"]}]},{"@type":"BreadcrumbList","@id":"https:\/\/mbproyectos.es\/?page_id=910#breadcrumb","itemListElement":[{"@type":"ListItem","position":1,"name":"Portada","item":"https:\/\/mbproyectos.es\/"},{"@type":"ListItem","position":2,"name":"Accesibilidad"}]},{"@type":"WebSite","@id":"https:\/\/mbproyectos.es\/#website","url":"https:\/\/mbproyectos.es\/","name":"MB Proyectos","description":"Homologaciones de veh\u00edculos","publisher":{"@id":"https:\/\/mbproyectos.es\/#organization"},"potentialAction":[{"@type":"SearchAction","target":{"@type":"EntryPoint","urlTemplate":"https:\/\/mbproyectos.es\/?s={search_term_string}"},"query-input":"required name=search_term_string"}],"inLanguage":"es"},{"@type":"Organization","@id":"https:\/\/mbproyectos.es\/#organization","name":"MB Proyectos","url":"https:\/\/mbproyectos.es\/","logo":{"@type":"ImageObject","inLanguage":"es","@id":"https:\/\/mbproyectos.es\/#\/schema\/logo\/image\/","url":"https:\/\/mbproyectos.es\/wp-content\/uploads\/2024\/04\/logo-blanco-MB-Proyectos-e1713955666585.png","contentUrl":"https:\/\/mbproyectos.es\/wp-content\/uploads\/2024\/04\/logo-blanco-MB-Proyectos-e1713955666585.png","width":1624,"height":1483,"caption":"MB Proyectos"},"image":{"@id":"https:\/\/mbproyectos.es\/#\/schema\/logo\/image\/"}}]}},"_links":{"self":[{"href":"https:\/\/mbproyectos.es\/index.php?rest_route=\/wp\/v2\/pages\/910","targetHints":{"allow":["GET"]}}],"collection":[{"href":"https:\/\/mbproyectos.es\/index.php?rest_route=\/wp\/v2\/pages"}],"about":[{"href":"https:\/\/mbproyectos.es\/index.php?rest_route=\/wp\/v2\/types\/page"}],"author":[{"embeddable":true,"href":"https:\/\/mbproyectos.es\/index.php?rest_route=\/wp\/v2\/users\/1"}],"replies":[{"embeddable":true,"href":"https:\/\/mbproyectos.es\/index.php?rest_route=%2Fwp%2Fv2%2Fcomments&post=910"}],"version-history":[{"count":4,"href":"https:\/\/mbproyectos.es\/index.php?rest_route=\/wp\/v2\/pages\/910\/revisions"}],"predecessor-version":[{"id":915,"href":"https:\/\/mbproyectos.es\/index.php?rest_route=\/wp\/v2\/pages\/910\/revisions\/915"}],"wp:attachment":[{"href":"https:\/\/mbproyectos.es\/index.php?rest_route=%2Fwp%2Fv2%2Fmedia&parent=910"}],"curies":[{"name":"wp","href":"https:\/\/api.w.org\/{rel}","templated":true}]}}