{"id":893,"date":"2024-04-30T10:07:28","date_gmt":"2024-04-30T10:07:28","guid":{"rendered":"https:\/\/mbproyectos.es\/?page_id=893"},"modified":"2024-04-30T10:11:59","modified_gmt":"2024-04-30T10:11:59","slug":"trabajos-realizados","status":"publish","type":"page","link":"https:\/\/mbproyectos.es\/?page_id=893","title":{"rendered":"Trabajos realizados"},"content":{"rendered":"\t\t<div data-elementor-type=\"wp-page\" data-elementor-id=\"893\" class=\"elementor elementor-893\" data-elementor-post-type=\"page\">\n\t\t\t\t<div class=\"elementor-element elementor-element-5fb2490 e-flex e-con-boxed e-con e-parent\" data-id=\"5fb2490\" data-element_type=\"container\">\n\t\t\t\t\t<div class=\"e-con-inner\">\n\t\t\t\t<div class=\"elementor-element elementor-element-59d1204 elementor-invisible elementor-widget elementor-widget-text-editor\" data-id=\"59d1204\" data-element_type=\"widget\" data-settings=\"{&quot;_animation&quot;:&quot;fadeInRight&quot;}\" data-widget_type=\"text-editor.default\">\n\t\t\t\t<div class=\"elementor-widget-container\">\n\t\t\t<style>\/*! elementor - v3.21.0 - 18-04-2024 *\/\n.elementor-widget-text-editor.elementor-drop-cap-view-stacked .elementor-drop-cap{background-color:#69727d;color:#fff}.elementor-widget-text-editor.elementor-drop-cap-view-framed .elementor-drop-cap{color:#69727d;border:3px solid;background-color:transparent}.elementor-widget-text-editor:not(.elementor-drop-cap-view-default) .elementor-drop-cap{margin-top:8px}.elementor-widget-text-editor:not(.elementor-drop-cap-view-default) .elementor-drop-cap-letter{width:1em;height:1em}.elementor-widget-text-editor .elementor-drop-cap{float:left;text-align:center;line-height:1;font-size:50px}.elementor-widget-text-editor .elementor-drop-cap-letter{display:inline-block}<\/style>\t\t\t\t<p>Trabajos realizados en MB Proyectos<\/p>\t\t\t\t\t\t<\/div>\n\t\t\t\t<\/div>\n\t\t\t\t\t<\/div>\n\t\t\t\t<\/div>\n\t\t<div class=\"elementor-element elementor-element-37916b2 e-flex e-con-boxed e-con e-parent\" data-id=\"37916b2\" data-element_type=\"container\">\n\t\t\t\t\t<div class=\"e-con-inner\">\n\t\t\t\t<div class=\"elementor-element elementor-element-a609d88 elementor-grid-3 elementor-grid-tablet-2 elementor-grid-mobile-1 elementor-posts--thumbnail-top elementor-widget elementor-widget-posts\" data-id=\"a609d88\" data-element_type=\"widget\" data-settings=\"{&quot;classic_columns&quot;:&quot;3&quot;,&quot;classic_columns_tablet&quot;:&quot;2&quot;,&quot;classic_columns_mobile&quot;:&quot;1&quot;,&quot;classic_row_gap&quot;:{&quot;unit&quot;:&quot;px&quot;,&quot;size&quot;:35,&quot;sizes&quot;:[]},&quot;classic_row_gap_tablet&quot;:{&quot;unit&quot;:&quot;px&quot;,&quot;size&quot;:&quot;&quot;,&quot;sizes&quot;:[]},&quot;classic_row_gap_mobile&quot;:{&quot;unit&quot;:&quot;px&quot;,&quot;size&quot;:&quot;&quot;,&quot;sizes&quot;:[]}}\" data-widget_type=\"posts.classic\">\n\t\t\t\t<div class=\"elementor-widget-container\">\n\t\t\t<link rel=\"stylesheet\" href=\"https:\/\/mbproyectos.es\/wp-content\/plugins\/elementor-pro\/assets\/css\/widget-posts.min.css\">\t\t<div class=\"elementor-posts-container elementor-posts elementor-posts--skin-classic elementor-grid\">\n\t\t\t\t<article class=\"elementor-post elementor-grid-item post-965 post type-post status-publish format-standard has-post-thumbnail hentry category-sin-categorizar category-trabajos-realizados\">\n\t\t\t\t<a class=\"elementor-post__thumbnail__link\" href=\"https:\/\/mbproyectos.es\/?p=965\" tabindex=\"-1\" >\n\t\t\t<div class=\"elementor-post__thumbnail\"><img fetchpriority=\"high\" decoding=\"async\" width=\"300\" height=\"168\" src=\"https:\/\/mbproyectos.es\/wp-content\/uploads\/2024\/11\/imagen-super5-1-300x168.jpeg\" class=\"attachment-medium size-medium wp-image-968\" alt=\"\" srcset=\"https:\/\/mbproyectos.es\/wp-content\/uploads\/2024\/11\/imagen-super5-1-300x168.jpeg 300w, https:\/\/mbproyectos.es\/wp-content\/uploads\/2024\/11\/imagen-super5-1-768x431.jpeg 768w, https:\/\/mbproyectos.es\/wp-content\/uploads\/2024\/11\/imagen-super5-1.jpeg 960w\" sizes=\"(max-width: 300px) 100vw, 300px\" \/><\/div>\n\t\t<\/a>\n\t\t\t\t<div class=\"elementor-post__text\">\n\t\t\t\t<h3 class=\"elementor-post__title\">\n\t\t\t<a href=\"https:\/\/mbproyectos.es\/?p=965\" >\n\t\t\t\tHomologaci\u00f3n Renault Super 5 GT Turbo\t\t\t<\/a>\n\t\t<\/h3>\n\t\t\t\t<div class=\"elementor-post__meta-data\">\n\t\t\t\t\t<span class=\"elementor-post-date\">\n\t\t\tnoviembre 25, 2024\t\t<\/span>\n\t\t\t\t<span class=\"elementor-post-avatar\">\n\t\t\tNo hay comentarios\t\t<\/span>\n\t\t\t\t<\/div>\n\t\t\t\t<div class=\"elementor-post__excerpt\">\n\t\t\t<p>Homologacion reforma Renault Super 5 GT Turbo<\/p>\n\t\t<\/div>\n\t\t\n\t\t<a class=\"elementor-post__read-more\" href=\"https:\/\/mbproyectos.es\/?p=965\" aria-label=\"M\u00e1s informaci\u00f3n sobre Homologaci\u00f3n Renault Super 5 GT Turbo\" tabindex=\"-1\" >\n\t\t\tLeer m\u00e1s \u00bb\t\t<\/a>\n\n\t\t\t\t<\/div>\n\t\t\t\t<\/article>\n\t\t\t\t<article class=\"elementor-post elementor-grid-item post-960 post type-post status-publish format-standard has-post-thumbnail hentry category-trabajos-realizados\">\n\t\t\t\t<a class=\"elementor-post__thumbnail__link\" href=\"https:\/\/mbproyectos.es\/?p=960\" tabindex=\"-1\" >\n\t\t\t<div class=\"elementor-post__thumbnail\"><img decoding=\"async\" width=\"300\" height=\"169\" src=\"https:\/\/mbproyectos.es\/wp-content\/uploads\/2024\/08\/WhatsApp-Image-2024-04-25-at-17.58.59-300x169.jpeg\" class=\"attachment-medium size-medium wp-image-961\" alt=\"\" srcset=\"https:\/\/mbproyectos.es\/wp-content\/uploads\/2024\/08\/WhatsApp-Image-2024-04-25-at-17.58.59-300x169.jpeg 300w, https:\/\/mbproyectos.es\/wp-content\/uploads\/2024\/08\/WhatsApp-Image-2024-04-25-at-17.58.59-1024x576.jpeg 1024w, https:\/\/mbproyectos.es\/wp-content\/uploads\/2024\/08\/WhatsApp-Image-2024-04-25-at-17.58.59-768x432.jpeg 768w, https:\/\/mbproyectos.es\/wp-content\/uploads\/2024\/08\/WhatsApp-Image-2024-04-25-at-17.58.59-1536x864.jpeg 1536w, https:\/\/mbproyectos.es\/wp-content\/uploads\/2024\/08\/WhatsApp-Image-2024-04-25-at-17.58.59.jpeg 1920w\" sizes=\"(max-width: 300px) 100vw, 300px\" \/><\/div>\n\t\t<\/a>\n\t\t\t\t<div class=\"elementor-post__text\">\n\t\t\t\t<h3 class=\"elementor-post__title\">\n\t\t\t<a href=\"https:\/\/mbproyectos.es\/?p=960\" >\n\t\t\t\tConversi\u00f3n de ambulancia a Camper\t\t\t<\/a>\n\t\t<\/h3>\n\t\t\t\t<div class=\"elementor-post__meta-data\">\n\t\t\t\t\t<span class=\"elementor-post-date\">\n\t\t\tagosto 23, 2024\t\t<\/span>\n\t\t\t\t<span class=\"elementor-post-avatar\">\n\t\t\tNo hay comentarios\t\t<\/span>\n\t\t\t\t<\/div>\n\t\t\t\t<div class=\"elementor-post__excerpt\">\n\t\t\t<p>hoy presentamos un trabajo que realizamos hace unos meses de<\/p>\n\t\t<\/div>\n\t\t\n\t\t<a class=\"elementor-post__read-more\" href=\"https:\/\/mbproyectos.es\/?p=960\" aria-label=\"M\u00e1s informaci\u00f3n sobre Conversi\u00f3n de ambulancia a Camper\" tabindex=\"-1\" >\n\t\t\tLeer m\u00e1s \u00bb\t\t<\/a>\n\n\t\t\t\t<\/div>\n\t\t\t\t<\/article>\n\t\t\t\t<\/div>\n\t\t\n\t\t\t\t<\/div>\n\t\t\t\t<\/div>\n\t\t\t\t\t<\/div>\n\t\t\t\t<\/div>\n\t\t\t\t<\/div>\n\t\t","protected":false},"excerpt":{"rendered":"<p>Trabajos realizados en MB Proyectos<\/p>\n","protected":false},"author":1,"featured_media":0,"parent":0,"menu_order":0,"comment_status":"closed","ping_status":"closed","template":"","meta":{"_joinchat":[],"footnotes":""},"class_list":["post-893","page","type-page","status-publish","hentry"],"yoast_head":"<!-- This site is optimized with the Yoast SEO plugin v22.5 - https:\/\/yoast.com\/wordpress\/plugins\/seo\/ -->\n<title>Trabajos realizados - MB Proyectos<\/title>\n<meta name=\"robots\" content=\"index, follow, max-snippet:-1, max-image-preview:large, max-video-preview:-1\" \/>\n<link rel=\"canonical\" href=\"https:\/\/mbproyectos.es\/?page_id=893\" \/>\n<meta property=\"og:locale\" content=\"es_ES\" \/>\n<meta property=\"og:type\" content=\"article\" \/>\n<meta property=\"og:title\" content=\"Trabajos realizados - MB Proyectos\" \/>\n<meta property=\"og:description\" content=\"Trabajos realizados en MB Proyectos\" \/>\n<meta property=\"og:url\" content=\"https:\/\/mbproyectos.es\/?page_id=893\" \/>\n<meta property=\"og:site_name\" content=\"MB Proyectos\" \/>\n<meta property=\"article:modified_time\" content=\"2024-04-30T10:11:59+00:00\" \/>\n<meta name=\"twitter:card\" content=\"summary_large_image\" \/>\n<meta name=\"twitter:label1\" content=\"Tiempo de lectura\" \/>\n\t<meta name=\"twitter:data1\" content=\"1 minuto\" \/>\n<script type=\"application\/ld+json\" class=\"yoast-schema-graph\">{\"@context\":\"https:\/\/schema.org\",\"@graph\":[{\"@type\":\"WebPage\",\"@id\":\"https:\/\/mbproyectos.es\/?page_id=893\",\"url\":\"https:\/\/mbproyectos.es\/?page_id=893\",\"name\":\"Trabajos realizados - MB Proyectos\",\"isPartOf\":{\"@id\":\"https:\/\/mbproyectos.es\/#website\"},\"datePublished\":\"2024-04-30T10:07:28+00:00\",\"dateModified\":\"2024-04-30T10:11:59+00:00\",\"breadcrumb\":{\"@id\":\"https:\/\/mbproyectos.es\/?page_id=893#breadcrumb\"},\"inLanguage\":\"es\",\"potentialAction\":[{\"@type\":\"ReadAction\",\"target\":[\"https:\/\/mbproyectos.es\/?page_id=893\"]}]},{\"@type\":\"BreadcrumbList\",\"@id\":\"https:\/\/mbproyectos.es\/?page_id=893#breadcrumb\",\"itemListElement\":[{\"@type\":\"ListItem\",\"position\":1,\"name\":\"Portada\",\"item\":\"https:\/\/mbproyectos.es\/\"},{\"@type\":\"ListItem\",\"position\":2,\"name\":\"Trabajos realizados\"}]},{\"@type\":\"WebSite\",\"@id\":\"https:\/\/mbproyectos.es\/#website\",\"url\":\"https:\/\/mbproyectos.es\/\",\"name\":\"MB Proyectos\",\"description\":\"Homologaciones de veh\u00edculos\",\"publisher\":{\"@id\":\"https:\/\/mbproyectos.es\/#organization\"},\"potentialAction\":[{\"@type\":\"SearchAction\",\"target\":{\"@type\":\"EntryPoint\",\"urlTemplate\":\"https:\/\/mbproyectos.es\/?s={search_term_string}\"},\"query-input\":\"required name=search_term_string\"}],\"inLanguage\":\"es\"},{\"@type\":\"Organization\",\"@id\":\"https:\/\/mbproyectos.es\/#organization\",\"name\":\"MB Proyectos\",\"url\":\"https:\/\/mbproyectos.es\/\",\"logo\":{\"@type\":\"ImageObject\",\"inLanguage\":\"es\",\"@id\":\"https:\/\/mbproyectos.es\/#\/schema\/logo\/image\/\",\"url\":\"https:\/\/mbproyectos.es\/wp-content\/uploads\/2024\/04\/logo-blanco-MB-Proyectos-e1713955666585.png\",\"contentUrl\":\"https:\/\/mbproyectos.es\/wp-content\/uploads\/2024\/04\/logo-blanco-MB-Proyectos-e1713955666585.png\",\"width\":1624,\"height\":1483,\"caption\":\"MB Proyectos\"},\"image\":{\"@id\":\"https:\/\/mbproyectos.es\/#\/schema\/logo\/image\/\"}}]}<\/script>\n<!-- \/ Yoast SEO plugin. -->","yoast_head_json":{"title":"Trabajos realizados - MB Proyectos","robots":{"index":"index","follow":"follow","max-snippet":"max-snippet:-1","max-image-preview":"max-image-preview:large","max-video-preview":"max-video-preview:-1"},"canonical":"https:\/\/mbproyectos.es\/?page_id=893","og_locale":"es_ES","og_type":"article","og_title":"Trabajos realizados - MB Proyectos","og_description":"Trabajos realizados en MB Proyectos","og_url":"https:\/\/mbproyectos.es\/?page_id=893","og_site_name":"MB Proyectos","article_modified_time":"2024-04-30T10:11:59+00:00","twitter_card":"summary_large_image","twitter_misc":{"Tiempo de lectura":"1 minuto"},"schema":{"@context":"https:\/\/schema.org","@graph":[{"@type":"WebPage","@id":"https:\/\/mbproyectos.es\/?page_id=893","url":"https:\/\/mbproyectos.es\/?page_id=893","name":"Trabajos realizados - MB Proyectos","isPartOf":{"@id":"https:\/\/mbproyectos.es\/#website"},"datePublished":"2024-04-30T10:07:28+00:00","dateModified":"2024-04-30T10:11:59+00:00","breadcrumb":{"@id":"https:\/\/mbproyectos.es\/?page_id=893#breadcrumb"},"inLanguage":"es","potentialAction":[{"@type":"ReadAction","target":["https:\/\/mbproyectos.es\/?page_id=893"]}]},{"@type":"BreadcrumbList","@id":"https:\/\/mbproyectos.es\/?page_id=893#breadcrumb","itemListElement":[{"@type":"ListItem","position":1,"name":"Portada","item":"https:\/\/mbproyectos.es\/"},{"@type":"ListItem","position":2,"name":"Trabajos realizados"}]},{"@type":"WebSite","@id":"https:\/\/mbproyectos.es\/#website","url":"https:\/\/mbproyectos.es\/","name":"MB Proyectos","description":"Homologaciones de veh\u00edculos","publisher":{"@id":"https:\/\/mbproyectos.es\/#organization"},"potentialAction":[{"@type":"SearchAction","target":{"@type":"EntryPoint","urlTemplate":"https:\/\/mbproyectos.es\/?s={search_term_string}"},"query-input":"required name=search_term_string"}],"inLanguage":"es"},{"@type":"Organization","@id":"https:\/\/mbproyectos.es\/#organization","name":"MB Proyectos","url":"https:\/\/mbproyectos.es\/","logo":{"@type":"ImageObject","inLanguage":"es","@id":"https:\/\/mbproyectos.es\/#\/schema\/logo\/image\/","url":"https:\/\/mbproyectos.es\/wp-content\/uploads\/2024\/04\/logo-blanco-MB-Proyectos-e1713955666585.png","contentUrl":"https:\/\/mbproyectos.es\/wp-content\/uploads\/2024\/04\/logo-blanco-MB-Proyectos-e1713955666585.png","width":1624,"height":1483,"caption":"MB Proyectos"},"image":{"@id":"https:\/\/mbproyectos.es\/#\/schema\/logo\/image\/"}}]}},"_links":{"self":[{"href":"https:\/\/mbproyectos.es\/index.php?rest_route=\/wp\/v2\/pages\/893","targetHints":{"allow":["GET"]}}],"collection":[{"href":"https:\/\/mbproyectos.es\/index.php?rest_route=\/wp\/v2\/pages"}],"about":[{"href":"https:\/\/mbproyectos.es\/index.php?rest_route=\/wp\/v2\/types\/page"}],"author":[{"embeddable":true,"href":"https:\/\/mbproyectos.es\/index.php?rest_route=\/wp\/v2\/users\/1"}],"replies":[{"embeddable":true,"href":"https:\/\/mbproyectos.es\/index.php?rest_route=%2Fwp%2Fv2%2Fcomments&post=893"}],"version-history":[{"count":7,"href":"https:\/\/mbproyectos.es\/index.php?rest_route=\/wp\/v2\/pages\/893\/revisions"}],"predecessor-version":[{"id":903,"href":"https:\/\/mbproyectos.es\/index.php?rest_route=\/wp\/v2\/pages\/893\/revisions\/903"}],"wp:attachment":[{"href":"https:\/\/mbproyectos.es\/index.php?rest_route=%2Fwp%2Fv2%2Fmedia&parent=893"}],"curies":[{"name":"wp","href":"https:\/\/api.w.org\/{rel}","templated":true}]}}